{"id":10,"date":"2024-04-25T09:20:33","date_gmt":"2024-04-25T09:20:33","guid":{"rendered":"http:\/\/neu.haunert.com\/?page_id=10"},"modified":"2024-05-17T11:23:44","modified_gmt":"2024-05-17T11:23:44","slug":"startseite","status":"publish","type":"page","link":"https:\/\/stage.haunert.com\/","title":{"rendered":"Startseite"},"content":{"rendered":"<p>[et_pb_section fb_built=&#8220;1&#8243; admin_label=&#8220;Hero&#8220; _builder_version=&#8220;4.25.0&#8243; _module_preset=&#8220;default&#8220; background_enable_color=&#8220;off&#8220; use_background_color_gradient=&#8220;on&#8220; background_color_gradient_direction=&#8220;111deg&#8220; background_color_gradient_stops=&#8220;rgba(0,0,0,0.3) 0%|rgba(255,255,255,0) 100%&#8220; background_color_gradient_overlays_image=&#8220;on&#8220; background_image=&#8220;https:\/\/stage.haunert.com\/wp-content\/uploads\/2024\/04\/dr_friedrich_haunert_2017_2400x1600-e1715770355308.jpg&#8220; parallax=&#8220;on&#8220; min_height=&#8220;90vh&#8220; min_height_tablet=&#8220;90vh&#8220; min_height_phone=&#8220;65vh&#8220; min_height_last_edited=&#8220;on|phone&#8220; background_last_edited=&#8220;on|phone&#8220; background_image_phone=&#8220;https:\/\/stage.haunert.com\/wp-content\/uploads\/2024\/04\/dr_friedrich_haunert_2017_2400x1600-e1715770355308.jpg&#8220; background_enable_image_phone=&#8220;on&#8220; parallax_phone=&#8220;off&#8220; global_colors_info=&#8220;{}&#8220;][et_pb_row _builder_version=&#8220;4.25.0&#8243; _module_preset=&#8220;default&#8220; global_colors_info=&#8220;{}&#8220;][et_pb_column type=&#8220;4_4&#8243; _builder_version=&#8220;4.25.0&#8243; _module_preset=&#8220;default&#8220; global_colors_info=&#8220;{}&#8220;][et_pb_text _builder_version=&#8220;4.25.0&#8243; _module_preset=&#8220;default&#8220; link_text_color=&#8220;#FFFFFF&#8220; header_3_line_height=&#8220;1.5em&#8220; background_layout=&#8220;dark&#8220; custom_margin=&#8220;25vh||||false|false&#8220; custom_margin_tablet=&#8220;25vh||||false|false&#8220; custom_margin_phone=&#8220;30vh||||false|false&#8220; custom_margin_last_edited=&#8220;on|phone&#8220; text_text_shadow_style=&#8220;preset2&#8243; global_colors_info=&#8220;{}&#8220;]<\/p>\n<h1>Dr. Friedrich Haunert<\/h1>\n<p>[\/et_pb_text][et_pb_text _builder_version=&#8220;4.25.0&#8243; _module_preset=&#8220;default&#8220; link_text_color=&#8220;#FFFFFF&#8220; background_layout=&#8220;dark&#8220; text_text_shadow_style=&#8220;preset2&#8243; global_colors_info=&#8220;{}&#8220;]<\/p>\n<p>Phone: +49 30 21 75 55 26<br \/>Mobile: +49 172 59 44 122<br \/>Email: <a href=\"mailto:info@haunert.com\">info(at)haunert.com<\/a><\/p>\n<p>[\/et_pb_text][et_pb_text _builder_version=&#8220;4.25.0&#8243; _module_preset=&#8220;default&#8220; link_text_color=&#8220;#FFFFFF&#8220; header_3_line_height=&#8220;1.5em&#8220; background_layout=&#8220;dark&#8220; text_text_shadow_style=&#8220;preset2&#8243; global_colors_info=&#8220;{}&#8220;]<\/p>\n<h3>Ver\u00e4nderungsprozesse<br \/>erfolgreich gestalten<\/h3>\n<p>[\/et_pb_text][\/et_pb_column][\/et_pb_row][\/et_pb_section][et_pb_section fb_built=&#8220;1&#8243; admin_label=&#8220;Wertversprechen&#8220; module_id=&#8220;wertversprechen&#8220; _builder_version=&#8220;4.25.0&#8243; _module_preset=&#8220;default&#8220; global_colors_info=&#8220;{}&#8220;][et_pb_row _builder_version=&#8220;4.25.0&#8243; _module_preset=&#8220;default&#8220; global_colors_info=&#8220;{}&#8220;][et_pb_column type=&#8220;4_4&#8243; _builder_version=&#8220;4.25.0&#8243; _module_preset=&#8220;default&#8220; global_colors_info=&#8220;{}&#8220;][et_pb_text admin_label=&#8220;Wertversprechen&#8220; _builder_version=&#8220;4.25.0&#8243; _module_preset=&#8220;default&#8220; text_font_size=&#8220;24px&#8220; header_2_font=&#8220;|||on|||||&#8220; text_font_size_tablet=&#8220;24px&#8220; text_font_size_phone=&#8220;18px&#8220; text_font_size_last_edited=&#8220;on|phone&#8220; header_2_font_size_phone=&#8220;26px&#8220; global_colors_info=&#8220;{}&#8220;]<\/p>\n<h2>Wertversprechen<\/h2>\n<p>[\/et_pb_text][et_pb_text _builder_version=&#8220;4.25.0&#8243; _module_preset=&#8220;default&#8220; text_font_size=&#8220;24px&#8220; text_line_height=&#8220;1.5em&#8220; text_font_size_tablet=&#8220;24px&#8220; text_font_size_phone=&#8220;18px&#8220; text_font_size_last_edited=&#8220;on|phone&#8220; global_colors_info=&#8220;{}&#8220;]<\/p>\n<p>Sind Sie in verantwortlicher Funktion f\u00fcr die Sozialwirtschaft oder eine NGO t\u00e4tig? Dann leisten Sie und Ihre Organisation einen wertvollen Beitrag zur St\u00e4rkung der Zivilgesellschaft. Ihr Unternehmen erf\u00fcllt eine wichtige gesellschaftliche Aufgabe an der Nahtstelle zwischen Markt und Staat und erm\u00f6glicht b\u00fcrgerschaftliches Engagement in allen Facetten.<\/p>\n<p>Ihre Organisation muss ihr Gesch\u00e4ftsmodell kontinuierlich anpassen; Ressourcen wie Geld, Zeit, Aufmerksamkeit und Know-how sind knappe Ressourcen. Die Zukunft ist unsicher. In einem volatilen Umfeld sind Ihre F\u00fchrungsaufgaben komplex, Sie m\u00fcssen Ihre Entscheidungen reflektieren.<br \/>Ich unterst\u00fctze Sie darin, Ihre Potenziale zur Wirkung zu bringen und Ihre Organisation zu st\u00e4rken. Als systemisch ausgebildeter Organisationsberater coache ich Sie, damit Sie und Ihre Organisation Ver\u00e4nderungsprozesse erfolgreich gestalten k\u00f6nnen. Seit \u00fcber 25 Jahren begleite ich meine Kunden im Wandel und biete Prozessberatung und Workshop-Moderation an.<\/p>\n<p>Ich arbeite vertrauensvoll mit erfahrenen Kolleginnen und Kollegen zusammen; dieses Netzwerk kann auch umfangreiche Change-Projekte bearbeiten. Aktuell richtet sich mein Interesse auf Organisationsdesign, soziale Innovation, Governance, Impact, Leitbildentwicklung sowie F\u00fchrungsthemen.<\/p>\n<p>Ehrenamtlich bin ich im Deutschen Fundraising Verband engagiert und war bis Mitte 2023 Co-Leiter der Regionalgruppe Berlin des DFRV .<\/p>\n<p>[\/et_pb_text][\/et_pb_column][\/et_pb_row][\/et_pb_section][et_pb_section fb_built=&#8220;1&#8243; admin_label=&#8220;Termine&#8220; _builder_version=&#8220;4.25.0&#8243; _module_preset=&#8220;default&#8220; background_image=&#8220;https:\/\/stage.haunert.com\/wp-content\/uploads\/2024\/04\/image_board_2400x1600.jpg&#8220; parallax=&#8220;on&#8220; global_colors_info=&#8220;{}&#8220;][et_pb_row _builder_version=&#8220;4.25.0&#8243; _module_preset=&#8220;default&#8220; global_colors_info=&#8220;{}&#8220;][et_pb_column type=&#8220;4_4&#8243; _builder_version=&#8220;4.25.0&#8243; _module_preset=&#8220;default&#8220; global_colors_info=&#8220;{}&#8220;][et_pb_text admin_label=&#8220;Headline&#8220; _builder_version=&#8220;4.25.0&#8243; _module_preset=&#8220;default&#8220; text_font_size=&#8220;24px&#8220; header_2_font=&#8220;|||on|||||&#8220; header_2_line_height=&#8220;1.3em&#8220; background_layout=&#8220;dark&#8220; header_2_font_size_tablet=&#8220;&#8220; header_2_font_size_phone=&#8220;26px&#8220; header_2_font_size_last_edited=&#8220;on|desktop&#8220; global_colors_info=&#8220;{}&#8220;]<\/p>\n<h2>BILDEN SIE SICH IN BERLIN WEITER ZUM\/ZUR FUNDRAISING-REFERENT\/IN.<\/h2>\n<p>[\/et_pb_text][et_pb_text _builder_version=&#8220;4.25.0&#8243; _module_preset=&#8220;default&#8220; text_font_size=&#8220;24px&#8220; background_layout=&#8220;dark&#8220; global_colors_info=&#8220;{}&#8220;]<\/p>\n<p>Die Termine f\u00fcr den n\u00e4chsten Kurs in Berlin 2024:<\/p>\n<p>19. \u2013 22. Februar 2024<\/p>\n<p>15. \u2013 18. April 2024<\/p>\n<p>17. \u2013 20. Juni 2024<\/p>\n<p>[\/et_pb_text][\/et_pb_column][\/et_pb_row][\/et_pb_section][et_pb_section fb_built=&#8220;1&#8243; admin_label=&#8220;Portfolio&#8220; module_id=&#8220;portfolio&#8220; _builder_version=&#8220;4.25.0&#8243; _module_preset=&#8220;default&#8220; global_colors_info=&#8220;{}&#8220;][et_pb_row _builder_version=&#8220;4.25.0&#8243; _module_preset=&#8220;default&#8220; custom_margin=&#8220;||0px||false|false&#8220; custom_padding=&#8220;||0px||false|false&#8220; global_colors_info=&#8220;{}&#8220;][et_pb_column type=&#8220;4_4&#8243; _builder_version=&#8220;4.25.0&#8243; _module_preset=&#8220;default&#8220; global_colors_info=&#8220;{}&#8220;][et_pb_text admin_label=&#8220;Portfolio&#8220; _builder_version=&#8220;4.25.0&#8243; _module_preset=&#8220;default&#8220; header_2_font=&#8220;|||on|||||&#8220; custom_margin=&#8220;||0px||false|false&#8220; header_2_font_size_phone=&#8220;26px&#8220; global_colors_info=&#8220;{}&#8220;]<\/p>\n<h2>Portfolio<\/h2>\n<p>[\/et_pb_text][\/et_pb_column][\/et_pb_row][et_pb_row column_structure=&#8220;1_3,1_3,1_3&#8243; _builder_version=&#8220;4.25.0&#8243; _module_preset=&#8220;default&#8220; global_colors_info=&#8220;{}&#8220;][et_pb_column type=&#8220;1_3&#8243; _builder_version=&#8220;4.25.0&#8243; _module_preset=&#8220;default&#8220; global_colors_info=&#8220;{}&#8220;][et_pb_text admin_label=&#8220;Fundraising \u2013 nicht nur in der Sozial\u00adwirtschaft&#8220; _builder_version=&#8220;4.25.0&#8243; _module_preset=&#8220;default&#8220; text_font_size=&#8220;16px&#8220; background_color=&#8220;#FFFFFF&#8220; custom_margin=&#8220;||60px||false|false&#8220; custom_padding=&#8220;20px|20px|20px|20px|true|true&#8220; border_color_all=&#8220;rgba(0,0,0,0.5)&#8220; box_shadow_style=&#8220;preset1&#8243; global_colors_info=&#8220;{}&#8220;]<\/p>\n<h3>Fundraising \u2013 nicht nur in der Sozial\u00adwirtschaft<\/h3>\n<p>Die Implementierung oder Optimierung einer Fundraising-Strategie stellt hohe Anforderungen an Ver\u00e4nderungsbereitschaft und Change-Management-Kapazit\u00e4ten. Ich begleite F\u00fchrungskr\u00e4fte und Teams in freien Tr\u00e4gern sozialer Arbeit, Stiftungen und NGOs bei komplexen Ver\u00e4nderungsprozessen im Rahmen ihres Fundraisings. Zum Beispiel profitieren schon seit Mitte der 1990er-Jahre zahlreiche Mitgliedsorganisationen des PARIT\u00c4TISCHEN Wohlfahrtsverbands Berlin von meiner Fundraising-Expertise.<\/p>\n<p>Ich setze mich dar\u00fcber hinaus seit 25 Jahren als Mentor f\u00fcr angehende Fundraising-Manager\/innen in den Zertifikatskursen der Fundraising Akademie Frankfurt ein.<\/p>\n<p>[\/et_pb_text][et_pb_text admin_label=&#8220;Corporate Social Responsibility&#8220; _builder_version=&#8220;4.25.0&#8243; _module_preset=&#8220;default&#8220; text_font_size=&#8220;16px&#8220; background_color=&#8220;#FFFFFF&#8220; custom_margin=&#8220;||60px||false|false&#8220; custom_padding=&#8220;20px|20px|20px|20px|true|true&#8220; border_color_all=&#8220;rgba(0,0,0,0.5)&#8220; box_shadow_style=&#8220;preset1&#8243; global_colors_info=&#8220;{}&#8220;]<\/p>\n<h3>Corporate Social Responsibility<\/h3>\n<p>Suchen Sie f\u00fcr ein Projekt Unternehmens\u00adspenden oder Sponsoren? Soll Ihr Unternehmen nachhaltig werden? Dann k\u00f6nnen Sie von meiner langj\u00e4hrigen Erfahrung profitieren. Bereits 1992 habe ich an der ersten Untersuchung zu Sponsoringkonzepten im Sozialbereich mitgewirkt. Heute ist das Thema CSR (Corporate Social Responsibility) in Unternehmen, Verb\u00e4nden und NGOs etabliert. Ich berate Sie bei der Umsetzung Ihrer Nachhaltigkeitsstrategie ebenso wie bei der Etablierung von Unternehmenspartnerschaften im Rahmen eines CSR-Konzepts.<\/p>\n<p>[\/et_pb_text][\/et_pb_column][et_pb_column type=&#8220;1_3&#8243; _builder_version=&#8220;4.25.0&#8243; _module_preset=&#8220;default&#8220; global_colors_info=&#8220;{}&#8220;][et_pb_text admin_label=&#8220;Arbeiten 4.0&#8243; _builder_version=&#8220;4.25.0&#8243; _module_preset=&#8220;default&#8220; text_font_size=&#8220;16px&#8220; background_color=&#8220;#FFFFFF&#8220; custom_margin=&#8220;||60px||false|false&#8220; custom_padding=&#8220;20px|20px|20px|20px|true|true&#8220; border_color_all=&#8220;rgba(0,0,0,0.5)&#8220; box_shadow_style=&#8220;preset1&#8243; global_colors_info=&#8220;{}&#8220;]<\/p>\n<h3>Arbeiten 4.0<\/h3>\n<p>Ich habe bereits zahlreiche Organisationen unterst\u00fctzt, in Lern- und Experimentierr\u00e4umen die Einf\u00fchrung passgenauer Konzepte zur digitalen Transformation einzu\u00fcben. Im F\u00f6rderprogramm \u201eINQA-Coaching\u201c (s.u.) k\u00f6nnen bis zu 80% der Beratungskosten \u00fcbernommen werden!<\/p>\n<p>Organisationen befinden sich st\u00e4ndig in Bewegung. Zurzeit m\u00fcssen sie lernen, agile Formen der Arbeits\u00adorganisation zu erm\u00f6glichen, Erhaltens\u00adwertes zu bewahren und zugleich mit innovativen Gesch\u00e4fts\u00admodellen zu experi\u00admentieren.<\/p>\n<p>Als Experte f\u00fcr die Gestaltung von Ver\u00e4nderung sch\u00e4tze ich die Eigenlogik sozialer Systeme und f\u00fchle mich in Beratungs\u00adprojekten f\u00fcr die Au\u00dfensicht, die Architektur des Wandel\u00adprozesses und sinnvolle Interventionen verant\u00adwortlich.<br \/>N\u00fctzlich f\u00fcr Sie sind auch meine Erfahrungen in der Begleitung gro\u00dfer Gruppen und Teams, die au\u00dferhalb des Arbeits\u00adalltags dr\u00e4ngende Fragen ihrer Organisation bearbeiten. Die Auswahl des richtigen, beteiligungs\u00adorientierten Formats im jeweiligen Kontext ist der entscheidende Erfolgs\u00adfaktor: Ich gew\u00e4hrleiste eine optimale Vor\u00adbereitung und Moderation.<br \/>Fragen Sie mich gern nach Open Space und BarCamp, World Caf\u00e9, Zukunfts\u00adkonferenz oder Appreciative Inquiry \u2013 Formate, die sich durch einfache Regeln und Prinzipien auszeichnen.<\/p>\n<p>[\/et_pb_text][\/et_pb_column][et_pb_column type=&#8220;1_3&#8243; _builder_version=&#8220;4.25.0&#8243; _module_preset=&#8220;default&#8220; global_colors_info=&#8220;{}&#8220;][et_pb_text admin_label=&#8220;Berufliche Entwicklung und Karriere\u00adberatung&#8220; _builder_version=&#8220;4.25.0&#8243; _module_preset=&#8220;default&#8220; text_font_size=&#8220;16px&#8220; background_color=&#8220;#FFFFFF&#8220; custom_margin=&#8220;||60px||false|false&#8220; custom_padding=&#8220;20px|20px|20px|20px|true|true&#8220; border_color_all=&#8220;rgba(0,0,0,0.5)&#8220; box_shadow_style=&#8220;preset1&#8243; global_colors_info=&#8220;{}&#8220;]<\/p>\n<h3>Berufliche Entwicklung und Karriere\u00adberatung<\/h3>\n<p>Mit Karriereberatung, Mentoring und Coaching biete ich drei Formen berufsbezogener Beratung f\u00fcr einzelne Professionals und Gruppen an:<\/p>\n<p>Karriereberatung thematisiert die Bedeutung der Dimensionen von Person, Funktion und Profession f\u00fcr eine berufliche Standort\u00adbestimmung, Reflektion und Orientierung, diffus erlebte \u00dcbergangs\u00adsituationen, etc.<\/p>\n<p>Mentoring ist ein Instrument der Personal\u00adentwicklung und dient der Nachwuchs\u00adf\u00f6rderung und individuellen Karriereplanung.<\/p>\n<p>Coaching begleitet den Entwicklungs\u00adprozess zur individuellen Problem\u00adbew\u00e4ltigung im beruflichen Kontext. Es handelt sich um eine pers\u00f6nliche Beratung f\u00fcr berufliche Anliegen.<\/p>\n<p>[\/et_pb_text][\/et_pb_column][\/et_pb_row][\/et_pb_section][et_pb_section fb_built=&#8220;1&#8243; admin_label=&#8220;INQA-Coach&#8220; _builder_version=&#8220;4.25.0&#8243; _module_preset=&#8220;default&#8220; background_image=&#8220;https:\/\/stage.haunert.com\/wp-content\/uploads\/2024\/04\/image_blackboard_2400x1599.jpg&#8220; global_colors_info=&#8220;{}&#8220;][et_pb_row _builder_version=&#8220;4.25.0&#8243; _module_preset=&#8220;default&#8220; global_colors_info=&#8220;{}&#8220;][et_pb_column type=&#8220;4_4&#8243; _builder_version=&#8220;4.25.0&#8243; _module_preset=&#8220;default&#8220; global_colors_info=&#8220;{}&#8220;][et_pb_text _builder_version=&#8220;4.25.0&#8243; _module_preset=&#8220;default&#8220; link_font=&#8220;||||on|||#FFFFFF|&#8220; link_text_color=&#8220;#FFFFFF&#8220; header_2_font=&#8220;|||on|||||&#8220; background_layout=&#8220;dark&#8220; header_2_font_size_phone=&#8220;26px&#8220; global_colors_info=&#8220;{}&#8220;]<\/p>\n<h2>Autorisierter INQA-Coach<\/h2>\n<h3>\u201eDas zentrale Angebot von INQA unterst\u00fctzt kleine und mittlere Unternehmen dabei, passgenaue L\u00f6sungen f\u00fcr die personalpolitischen und arbeitsorganisatorischen Ver\u00e4nderungsbedarfe im Zusammenhang mit der digitalen Transformation zu finden.\u201c<\/h3>\n<p>Bis zu 80 % der Beratungskosten k\u00f6nnen \u00fcbernommen werden. N\u00e4here Informationen finden Sie hier:<\/p>\n<p><a href=\"http:\/\/www.unternehmens-wert-mensch.de\/startseite\/\">https:\/\/www.inqa.de\/DE\/handeln\/inqa-coaching\/uebersicht<\/a><\/p>\n<p>[\/et_pb_text][\/et_pb_column][\/et_pb_row][\/et_pb_section][et_pb_section fb_built=&#8220;1&#8243; admin_label=&#8220;Workshops&#8220; module_id=&#8220;workshops&#8220; _builder_version=&#8220;4.25.0&#8243; _module_preset=&#8220;default&#8220; global_colors_info=&#8220;{}&#8220;][et_pb_row _builder_version=&#8220;4.25.0&#8243; _module_preset=&#8220;default&#8220; global_colors_info=&#8220;{}&#8220;][et_pb_column type=&#8220;4_4&#8243; _builder_version=&#8220;4.25.0&#8243; _module_preset=&#8220;default&#8220; global_colors_info=&#8220;{}&#8220;][et_pb_text admin_label=&#8220;Headline&#8220; _builder_version=&#8220;4.25.0&#8243; _module_preset=&#8220;default&#8220; header_2_font=&#8220;|||on|||||&#8220; header_2_font_size_phone=&#8220;26px&#8220; global_colors_info=&#8220;{}&#8220;]<\/p>\n<h2>Workshops &amp; Vortragsthemen<\/h2>\n<p>Zu folgenden Themen biete ich Vortr\u00e4ge und Inhouse-Workshops an:<\/p>\n<p>[\/et_pb_text][\/et_pb_column][\/et_pb_row][et_pb_row column_structure=&#8220;1_2,1_2&#8243; _builder_version=&#8220;4.25.0&#8243; _module_preset=&#8220;default&#8220; global_colors_info=&#8220;{}&#8220;][et_pb_column type=&#8220;1_2&#8243; _builder_version=&#8220;4.25.0&#8243; _module_preset=&#8220;default&#8220; global_colors_info=&#8220;{}&#8220;][et_pb_text admin_label=&#8220;Text&#8220; _builder_version=&#8220;4.25.0&#8243; _module_preset=&#8220;default&#8220; global_colors_info=&#8220;{}&#8220;]<\/p>\n<p>Gestaltung des Unternehmenswandels<\/p>\n<p>Organisationsdesign<\/p>\n<p>Leadership<\/p>\n<p>Karriereberatung<\/p>\n<p>Selbstmanagement<\/p>\n<p>Transparenz und Governance<\/p>\n<p>[\/et_pb_text][\/et_pb_column][et_pb_column type=&#8220;1_2&#8243; _builder_version=&#8220;4.25.0&#8243; _module_preset=&#8220;default&#8220; global_colors_info=&#8220;{}&#8220;][et_pb_text admin_label=&#8220;Text&#8220; _builder_version=&#8220;4.25.0&#8243; _module_preset=&#8220;default&#8220; global_colors_info=&#8220;{}&#8220;]<\/p>\n<p>Fundraising in der Sozialwirtschaft<\/p>\n<p>Konzepte f\u00fcr Marketing und Kommunikation<\/p>\n<p>Corporate Social Responsibility<\/p>\n<p>Innovative Gesch\u00e4ftsmodelle<\/p>\n<p>Meetings mit Ergebnissen<\/p>\n<p>Leitbildentwicklung<\/p>\n<p>[\/et_pb_text][\/et_pb_column][\/et_pb_row][\/et_pb_section][et_pb_section fb_built=&#8220;1&#8243; admin_label=&#8220;Kontakt&#8220; module_id=&#8220;kontakt&#8220; _builder_version=&#8220;4.25.0&#8243; _module_preset=&#8220;default&#8220; background_color=&#8220;#000000&#8243; global_colors_info=&#8220;{}&#8220;][et_pb_row _builder_version=&#8220;4.25.0&#8243; _module_preset=&#8220;default&#8220; global_colors_info=&#8220;{}&#8220;][et_pb_column type=&#8220;4_4&#8243; _builder_version=&#8220;4.25.0&#8243; _module_preset=&#8220;default&#8220; global_colors_info=&#8220;{}&#8220;][et_pb_text _builder_version=&#8220;4.25.0&#8243; _module_preset=&#8220;default&#8220; link_text_color=&#8220;#FFFFFF&#8220; background_layout=&#8220;dark&#8220; global_colors_info=&#8220;{}&#8220;]<\/p>\n<h2>Dr. Friedrich Haunert<\/h2>\n<p>Winterfeldtstr. 31<br \/>D-10781 Berlin<br \/>Phone: +49 30 21 75 55 26<br \/>Mobile: +49 172 59 44 122<br \/>Email: info(at)haunert.com<\/p>\n<p>[\/et_pb_text][\/et_pb_column][\/et_pb_row][\/et_pb_section]<\/p>\n","protected":false},"excerpt":{"rendered":"<p>Dr. Friedrich HaunertPhone: +49 30 21 75 55 26Mobile: +49 172 59 44 122Email: info(at)haunert.comVer\u00e4nderungsprozesseerfolgreich gestaltenWertversprechenSind Sie in verantwortlicher Funktion f\u00fcr die Sozialwirtschaft oder eine NGO t\u00e4tig? Dann leisten Sie und Ihre Organisation einen wertvollen Beitrag zur St\u00e4rkung der Zivilgesellschaft. Ihr Unternehmen erf\u00fcllt eine wichtige gesellschaftliche Aufgabe an der Nahtstelle zwischen Markt und Staat und [&hellip;]<\/p>\n","protected":false},"author":1,"featured_media":0,"parent":0,"menu_order":0,"comment_status":"closed","ping_status":"closed","template":"","meta":{"_et_pb_use_builder":"on","_et_pb_old_content":"","_et_gb_content_width":"","footnotes":""},"_links":{"self":[{"href":"https:\/\/stage.haunert.com\/index.php?rest_route=\/wp\/v2\/pages\/10"}],"collection":[{"href":"https:\/\/stage.haunert.com\/index.php?rest_route=\/wp\/v2\/pages"}],"about":[{"href":"https:\/\/stage.haunert.com\/index.php?rest_route=\/wp\/v2\/types\/page"}],"author":[{"embeddable":true,"href":"https:\/\/stage.haunert.com\/index.php?rest_route=\/wp\/v2\/users\/1"}],"replies":[{"embeddable":true,"href":"https:\/\/stage.haunert.com\/index.php?rest_route=%2Fwp%2Fv2%2Fcomments&post=10"}],"version-history":[{"count":56,"href":"https:\/\/stage.haunert.com\/index.php?rest_route=\/wp\/v2\/pages\/10\/revisions"}],"predecessor-version":[{"id":166,"href":"https:\/\/stage.haunert.com\/index.php?rest_route=\/wp\/v2\/pages\/10\/revisions\/166"}],"wp:attachment":[{"href":"https:\/\/stage.haunert.com\/index.php?rest_route=%2Fwp%2Fv2%2Fmedia&parent=10"}],"curies":[{"name":"wp","href":"https:\/\/api.w.org\/{rel}","templated":true}]}}